{"id":276,"date":"2023-07-21T18:06:07","date_gmt":"2023-07-21T18:06:07","guid":{"rendered":"https:\/\/blueme-atelier.ch\/?page_id=276"},"modified":"2026-02-02T16:39:04","modified_gmt":"2026-02-02T16:39:04","slug":"allgemeine-geschaeftsbedingung","status":"publish","type":"page","link":"https:\/\/blueme-atelier.ch\/index.php\/allgemeine-geschaeftsbedingung\/","title":{"rendered":"Allgemeine Gesch\u00e4ftsbedingung"},"content":{"rendered":"\n<h1 class=\"wp-block-heading\">Allgemeine Gesch\u00e4ftsbedingungen<\/h1>\n\n\n\n<h3 class=\"wp-block-heading\">1. Geltungsbereich<\/h3>\n\n\n\n<p>1.1<br>F\u00fcr s\u00e4mtliche Gesch\u00e4ftsbeziehungen (einschliesslich Beratungen und sonstiger Leistungen) zwischen dem BluemeAtelier K\u00fcmin (nachfolgend FIRMA genannt) und dem Kunden gelten die nachfolgenden Allgemeinen Gesch\u00e4ftsbedingungen (nachfolgend \u00abAGB\u00bb) in ihrer zum Zeitpunkt der Bestellung g\u00fcltigen Fassung. Abweichende Bedingungen gelten nur, wenn und soweit sie schriftlich best\u00e4tigt worden sind.<\/p>\n\n\n\n<p>1.2<br>Die jeweils aktuelle und verbindliche Fassung der AGB wird unter www.blueme-atelier.ch publiziert.<\/p>\n\n\n\n<h3 class=\"wp-block-heading\">2. Vertragsschluss<\/h3>\n\n\n\n<p>2.1<br>Bestellungen via Online Formular<br>Die Angebote auf der Website www.blueme-atelier.ch sind rein informativ und daher unverbindlich. Preis- und Sortiments\u00e4nderungen bleiben vorbehalten. Blumen sind Saisonprodukte, daher ist nicht immer die ganze Auswahl erh\u00e4ltlich. Ein Vertrag zwischen dem Gesch\u00e4ft und dem Kunden kommt nach dessen Bestellung (pers\u00f6nlich, per E-Mail, per Telefon, per Internet) erst durch die Lieferung der Ware oder die gleichlautende Auftragsbest\u00e4tigung durch das Gesch\u00e4ft zustande.<\/p>\n\n\n\n<p>2.2<br>Sonstige Angebote \/ Bestellungen<br>Soweit in der Offerte nichts Abweichendes festgelegt wird, bleibt das BluemeAtelier K\u00fcmin ohne anderslautendes Datum w\u00e4hrend 30 Tagen ab Ausstellungsdatum der Offerte an diese gebunden. Der Vertragsabschluss erfolgt durch Unterzeichnung eines separaten Vertrages oder die schriftliche Annahme der Offerte. Sind mit sp\u00e4teren Bestellungs-\/Vertrags\u00e4nderungen Zusatzkosten f\u00fcr BluemeAtelier K\u00fcmin verbunden, tr\u00e4gt diese der Kunde gem\u00e4ss den damals g\u00fcltigen Ans\u00e4tzen des BluemeAtelier K\u00fcmin.<\/p>\n\n\n\n<h3 class=\"wp-block-heading\">3. Preise<\/h3>\n\n\n\n<p>Preisanpassungen f\u00fcr Produkte und Leistungen sind jederzeit m\u00f6glich, da Blumenpreise naturgem\u00e4ss saisonalen und regionalen Schwankungen unterliegen. Es gelten die in der Auftragsbest\u00e4tigung\/dem Vertrag oder im Gesch\u00e4ft genannten Preise.<br>Bei \u00c4nderungen tr\u00e4gt der Kunde gem. Ziff. 2.2. Abs. 2 oben die Zusatzkosten. Bei Annullationen von Bestellungen durch den Kunden kann das BluemeAtelier K\u00fcmin den ihr daraus entstandenen Schaden geltend machen.<\/p>\n\n\n\n<h3 class=\"wp-block-heading\">4. Bezahlung<\/h3>\n\n\n\n<p>4.1<br>Zahlungen per Rechnung sind innerhalb von f\u00fcnfzehn (30) Tagen ab Rechnungsdatum rein netto zu begleichen. Das Gesch\u00e4ft beh\u00e4lt sich vor, Lieferungen an neue Kunden oder im Einzelfalle gegen Nachnahme oder Vorkasse durchzuf\u00fchren.<\/p>\n\n\n\n<p>4.2<br>Bei Zahlungsverzug oder Stundung nach der ersten schriftlichen Mahnung, ist das Gesch\u00e4ft berechtigt, Zinsen in gesetzlicher H\u00f6he, mindestens aber 5% p.a. sowie Mahngeb\u00fchren von CHF 30.\u2013 pro Fall zu berechnen; die Geltendmachung weiterer Kosten bleibt vorbehalten. Abh\u00e4ngig von Bonit\u00e4t, Vertragsgegenstand und Vertragsvolumen beh\u00e4lt sich das Gesch\u00e4ft vor, eine davon abweichende Zahlungsweise<br>oder eine zus\u00e4tzliche Absicherung der Vorleistung zu erbitten.<br>BluemeAtelier K\u00fcmin ist berechtigt, nach eigenem Ermessen Vorauszahlung oder anderweitige Sicherheitsleistungen zu verlangen.<br>4.3<br>Bis zur vollst\u00e4ndigen Bezahlung des Kaufpreises bleiben Produkte Eigentum von BluemeAtelier K\u00fcmin und d\u00fcrfen weder verpf\u00e4ndet noch zur Sicherheit \u00fcbereignet werden.<br>4.4<br>Der Kunde ist verpflichtet, soweit die Ware noch nicht bezahlt ist, im Falle der Pf\u00e4ndung, sowie etwaige Besch\u00e4digungen, oder einem Zugriff Dritter auf die Ware, dies unverz\u00fcglich mitzuteilen. Der Kunde verpflichtet sich, den Dritten sofort auf unsere Eigent\u00fcmerstellung hinzuweisen.<br>4.5<br>Bei vertragswidrigem Verhalten des Kunden sind wir berechtigt, insbesondere bei Zahlungsverzug, vom Vertrag zur\u00fcckzutreten und die Ware abzuholen.<\/p>\n\n\n\n<h3 class=\"wp-block-heading\">5. Lieferung<\/h3>\n\n\n\n<p>5.1<br>Die Angabe von Lieferzeiten und -terminen ist freibleibend.<br>Wurde kein spezieller Liefertermin ausdr\u00fccklich fest vereinbart, liefert das BluemeAtelier K\u00fcmin innerhalb des gesch\u00e4ftlich m\u00f6glichen Termins.<br>5.2<br>Eine termingerechte und auftragsgem\u00e4sse Lieferung bedingt, dass der Kunde korrekte Adressangaben liefert. Jegliche Haftung f\u00fcr allf\u00e4llige Versp\u00e4tungen oder Nichtlieferungen infolge unvollst\u00e4ndiger oder unrichtiger Adressen ist ausgeschlossen. Bei Krankenhauslieferungen sind nach M\u00f6glichkeit u.a. Abteilung und Zimmernummer anzugeben.<br>5.3<br>Wenn der Empf\u00e4nger an der Lieferadresse nicht anzutreffen ist, ist das Gesch\u00e4ft erm\u00e4chtigt, die Lieferung bei einer Drittperson, die f\u00fcr die Weiterleitung an den Empf\u00e4nger geeignet scheint, abzugeben.<br>5.4<br>Schadensersatzanspr\u00fcche des Kunden aufgrund Nichtbelieferung bzw. verz\u00f6gerte Belieferung durch Vertragspartner der Firma, Betriebsst\u00f6rungen, und Ereignisse h\u00f6herer Gewalt, sind ausgeschlossen und berechtigen BluemeAtelier K\u00fcmin gegebenenfalls zur Verl\u00e4ngerung der Lieferfristen und\/oder Aufhebung der Lieferverpflichtungen.<br>5.5<br>Der Versand von Produkten durch BluemeAtelier K\u00fcmin erfolgt auf Kosten und Gefahr des Kunden. Besch\u00e4digungen m\u00fcssen beim Warenempfang gemeldet werden.<br>5.6<br>Beanstandungen betreffend Ausf\u00fchrung und Menge der Lieferung sind sp\u00e4testens innert 5 Tagen nach Warenempfang schriftlich bei BluemeAtelier K\u00fcmin geltend zu machen. Nach diesem Zeitpunkt gilt die Lieferung als genehmigt.<\/p>\n\n\n\n<h3 class=\"wp-block-heading\">6. Beschaffungsprobleme<\/h3>\n\n\n\n<p>Im Falle unvorhergesehener Nichtverf\u00fcgbarkeit der bestellten Ware beh\u00e4lt sich das Gesch\u00e4ft vor, gleichwertige andere Ware zu liefern.<\/p>\n\n\n\n<h3 class=\"wp-block-heading\">7. Lieferungen f\u00fcr Anl\u00e4sse\/Events<\/h3>\n\n\n\n<p>Bei Lieferungen f\u00fcr besondere Anl\u00e4sse erfolgt diese gem\u00e4ss jeweiliger Auftragsbest\u00e4tigung\/Vertrag.<\/p>\n\n\n\n<h3 class=\"wp-block-heading\">8. Gew\u00e4hrleistung<\/h3>\n\n\n\n<p>Das Gesch\u00e4ft garantiert f\u00fcr die frischen Schnittblumen eine Mindesthaltbarkeit von 4 Tagen, sofern der Kunde den Schnittblumen die richtige Pflege zukommen l\u00e4sst und diese mit ausreichend Wasser versorgt. F\u00fcr andere Lieferungen und Leistungen wird jede Haftung ausgeschlossen sofern sie nicht urs\u00e4chlich durch BluemeAtelier K\u00fcmin verschuldet wurde.<\/p>\n\n\n\n<h3 class=\"wp-block-heading\">9. Workshops<\/h3>\n\n\n\n<p>Die Anmeldung zu meinen Workshops erfolgt \u00fcber meine Webseite oder per Telefon. Die Teilnahme ist nur nach verbindlicher Anmeldung m\u00f6glich und richtet sich nach der Verf\u00fcgbarkeit der Pl\u00e4tze.<\/p>\n\n\n\n<p>9.1. Bezahlung<br>Die Teilnahmegeb\u00fchr ist vor dem Workshop f\u00e4llig. Die Zahlung kann per \u00dcberweisung, Twint oder in bar erfolgen. Die genauen Zahlungsinformationen erhalten Sie bei der Anmeldung.<\/p>\n\n\n\n<p>9.2. Stornierung und R\u00fcckerstattung<br>Bei einer Stornierung bis zu 7 Tage vor dem Workshop behalten ich eine Bearbeitungsgeb\u00fchr ein. Bei sp\u00e4teren Stornierungen kann keine R\u00fcckerstattung gew\u00e4hrt werden. Die Teilnahme kann jedoch auf eine andere Person \u00fcbertragen werden, wenn mit dies rechtzeitig mitgeteilt wird.<\/p>\n\n\n\n<p>9.3 \u00c4nderungen und Absage<br>Ich behalte uns das Recht vor, Workshops bei unzureichender Teilnehmerzahl oder unvorhergesehenen Umst\u00e4nden abzusagen oder zu verschieben. In diesem Fall werden ich Sie so fr\u00fch wie m\u00f6glich informieren und Ihnen entweder einen Ersatztermin oder eine R\u00fcckerstattung anbieten.<\/p>\n\n\n\n<p>9.4.Haftung<br>Die Teilnahme an meinen Workshops erfolgt auf eigene Verantwortung. Ich \u00fcbernehme keine Haftung f\u00fcr Personen- oder Sachsch\u00e4den w\u00e4hrend des Workshops. Bitte achten Sie auf Ihre eigene Sicherheit und folgen Sie den Anweisungen des Inhabers.<\/p>\n\n\n\n<p>9.5.Urheberrecht<br>Die w\u00e4hrend des Workshops erstellten Werke unterliegen dem Urheberrecht. Die Verwendung oder Ver\u00f6ffentlichung der Werke ohne unsere Zustimmung ist nicht gestattet.<\/p>\n\n\n\n<h3 class=\"wp-block-heading\">10. Gerichtsstand und anwendbares Recht<\/h3>\n\n\n\n<p>Anwendbar ist Schweizer Recht. Gerichtsstand ist der Sitz der Firma.<\/p>\n","protected":false},"excerpt":{"rendered":"<p>Allgemeine Gesch\u00e4ftsbedingungen 1. Geltungsbereich 1.1F\u00fcr s\u00e4mtliche Gesch\u00e4ftsbeziehungen (einschliesslich Beratungen und sonstiger Leistungen) zwischen dem BluemeAtelier K\u00fcmin (nachfolgend FIRMA genannt) und dem Kunden gelten die nachfolgenden Allgemeinen<span class=\"excerpt-hellip\"> [\u2026]<\/span><\/p>\n","protected":false},"author":1,"featured_media":0,"parent":0,"menu_order":0,"comment_status":"closed","ping_status":"closed","template":"","meta":{"footnotes":""},"class_list":["post-276","page","type-page","status-publish","hentry"],"_links":{"self":[{"href":"https:\/\/blueme-atelier.ch\/index.php\/wp-json\/wp\/v2\/pages\/276","targetHints":{"allow":["GET"]}}],"collection":[{"href":"https:\/\/blueme-atelier.ch\/index.php\/wp-json\/wp\/v2\/pages"}],"about":[{"href":"https:\/\/blueme-atelier.ch\/index.php\/wp-json\/wp\/v2\/types\/page"}],"author":[{"embeddable":true,"href":"https:\/\/blueme-atelier.ch\/index.php\/wp-json\/wp\/v2\/users\/1"}],"replies":[{"embeddable":true,"href":"https:\/\/blueme-atelier.ch\/index.php\/wp-json\/wp\/v2\/comments?post=276"}],"version-history":[{"count":2,"href":"https:\/\/blueme-atelier.ch\/index.php\/wp-json\/wp\/v2\/pages\/276\/revisions"}],"predecessor-version":[{"id":303,"href":"https:\/\/blueme-atelier.ch\/index.php\/wp-json\/wp\/v2\/pages\/276\/revisions\/303"}],"wp:attachment":[{"href":"https:\/\/blueme-atelier.ch\/index.php\/wp-json\/wp\/v2\/media?parent=276"}],"curies":[{"name":"wp","href":"https:\/\/api.w.org\/{rel}","templated":true}]}}